{"id":9,"date":"2022-01-07T15:00:58","date_gmt":"2022-01-07T14:00:58","guid":{"rendered":"https:\/\/plugin-dev.wasiwarez.net\/rcbcs\/?page_id=7"},"modified":"2022-01-07T15:00:58","modified_gmt":"2022-01-07T14:00:58","slug":"ueber-uns","status":"publish","type":"page","link":"https:\/\/plugin-dev.wasiwarez.net\/rcbcs\/ueber-uns\/","title":{"rendered":"\u00dcber uns"},"content":{"rendered":"\n<p class=\"wp-block-paragraph\">M\u00f6glicherweise bist du k\u00fcnstlerisch t\u00e4tig und m\u00f6chtest dich und deine Arbeiten hier vorstellen. Oder hast du vielleicht ein Business mit einer Mission, die es zu beschreiben gilt?<\/p>\n","protected":false},"excerpt":{"rendered":"<p>M\u00f6glicherweise bist du k\u00fcnstlerisch t\u00e4tig und m\u00f6chtest dich und deine Arbeiten hier vorstellen. Oder hast du vielleicht ein Business mit einer Mission, die es zu beschreiben gilt?<\/p>\n","protected":false},"author":1,"featured_media":0,"parent":0,"menu_order":0,"comment_status":"closed","ping_status":"closed","template":"","meta":{"footnotes":""},"class_list":["post-9","page","type-page","status-publish","hentry"],"_links":{"self":[{"href":"https:\/\/plugin-dev.wasiwarez.net\/rcbcs\/wp-json\/wp\/v2\/pages\/9","targetHints":{"allow":["GET"]}}],"collection":[{"href":"https:\/\/plugin-dev.wasiwarez.net\/rcbcs\/wp-json\/wp\/v2\/pages"}],"about":[{"href":"https:\/\/plugin-dev.wasiwarez.net\/rcbcs\/wp-json\/wp\/v2\/types\/page"}],"author":[{"embeddable":true,"href":"https:\/\/plugin-dev.wasiwarez.net\/rcbcs\/wp-json\/wp\/v2\/users\/1"}],"replies":[{"embeddable":true,"href":"https:\/\/plugin-dev.wasiwarez.net\/rcbcs\/wp-json\/wp\/v2\/comments?post=9"}],"version-history":[{"count":0,"href":"https:\/\/plugin-dev.wasiwarez.net\/rcbcs\/wp-json\/wp\/v2\/pages\/9\/revisions"}],"wp:attachment":[{"href":"https:\/\/plugin-dev.wasiwarez.net\/rcbcs\/wp-json\/wp\/v2\/media?parent=9"}],"curies":[{"name":"wp","href":"https:\/\/api.w.org\/{rel}","templated":true}]}}